{"id":236,"date":"2022-07-13T14:17:33","date_gmt":"2022-07-13T14:17:33","guid":{"rendered":"https:\/\/maisonhina.com\/?page_id=236"},"modified":"2022-08-29T17:54:47","modified_gmt":"2022-08-29T17:54:47","slug":"maison","status":"publish","type":"page","link":"https:\/\/maisonhina.com\/en\/maison\/","title":{"rendered":"Our house"},"content":{"rendered":"<div data-elementor-type=\"wp-page\" data-elementor-id=\"236\" class=\"elementor elementor-236\" data-elementor-post-type=\"page\">\n\t\t\t\t\t\t<section class=\"elementor-section elementor-top-section elementor-element elementor-element-50dc071 elementor-section-boxed elementor-section-height-default elementor-section-height-default\" data-id=\"50dc071\" data-element_type=\"section\" data-e-type=\"section\" data-settings=\"{&quot;background_background&quot;:&quot;classic&quot;}\">\n\t\t\t\t\t\t<div class=\"elementor-container elementor-column-gap-default\">\n\t\t\t\t\t<div class=\"elementor-column elementor-col-100 elementor-top-column elementor-element elementor-element-eb3d370 elementor-invisible\" data-id=\"eb3d370\" data-element_type=\"column\" data-e-type=\"column\" data-settings=\"{&quot;animation&quot;:&quot;slideInLeft&quot;}\">\n\t\t\t<div class=\"elementor-widget-wrap elementor-element-populated\">\n\t\t\t\t\t\t<div class=\"elementor-element elementor-element-a4a65ea animated-slow elementor-invisible elementor-widget elementor-widget-heading\" data-id=\"a4a65ea\" data-element_type=\"widget\" data-e-type=\"widget\" data-settings=\"{&quot;_animation&quot;:&quot;fadeIn&quot;,&quot;_animation_delay&quot;:500}\" data-widget_type=\"heading.default\">\n\t\t\t\t<div class=\"elementor-widget-container\">\n\t\t\t\t\t<h1 class=\"elementor-heading-title elementor-size-default\">Our house<\/h1>\t\t\t\t<\/div>\n\t\t\t\t<\/div>\n\t\t\t\t\t<\/div>\n\t\t<\/div>\n\t\t\t\t\t<\/div>\n\t\t<\/section>\n\t\t\t\t<section class=\"elementor-section elementor-top-section elementor-element elementor-element-9b3b5e3 elementor-section-boxed elementor-section-height-default elementor-section-height-default\" data-id=\"9b3b5e3\" data-element_type=\"section\" data-e-type=\"section\">\n\t\t\t\t\t\t<div class=\"elementor-container elementor-column-gap-default\">\n\t\t\t\t\t<div class=\"elementor-column elementor-col-100 elementor-top-column elementor-element elementor-element-cfbeaea elementor-invisible\" data-id=\"cfbeaea\" data-element_type=\"column\" data-e-type=\"column\" data-settings=\"{&quot;animation&quot;:&quot;slideInUp&quot;}\">\n\t\t\t<div class=\"elementor-widget-wrap elementor-element-populated\">\n\t\t\t\t\t\t<div class=\"elementor-element elementor-element-febb4aa elementor-widget elementor-widget-image\" data-id=\"febb4aa\" data-element_type=\"widget\" data-e-type=\"widget\" data-widget_type=\"image.default\">\n\t\t\t\t<div class=\"elementor-widget-container\">\n\t\t\t\t\t\t\t\t\t\t\t\t\t\t\t<img decoding=\"async\" width=\"150\" height=\"150\" src=\"https:\/\/maisonhina.com\/wp-content\/uploads\/2022\/07\/Maison-Hina-1-150x150.png\" class=\"attachment-thumbnail size-thumbnail wp-image-689\" alt=\"\" srcset=\"https:\/\/maisonhina.com\/wp-content\/uploads\/2022\/07\/Maison-Hina-1-150x150.png 150w, https:\/\/maisonhina.com\/wp-content\/uploads\/2022\/07\/elementor\/thumbs\/Maison-Hina-1-qj4vz5rsmp932bbfc0e24strna84iwrk07q5du89ns.png 100w\" sizes=\"(max-width: 150px) 100vw, 150px\" \/>\t\t\t\t\t\t\t\t\t\t\t\t\t\t\t<\/div>\n\t\t\t\t<\/div>\n\t\t\t\t<section class=\"elementor-section elementor-inner-section elementor-element elementor-element-28b13f1 elementor-section-boxed elementor-section-height-default elementor-section-height-default\" data-id=\"28b13f1\" data-element_type=\"section\" data-e-type=\"section\">\n\t\t\t\t\t\t<div class=\"elementor-container elementor-column-gap-default\">\n\t\t\t\t\t<div class=\"elementor-column elementor-col-100 elementor-inner-column elementor-element elementor-element-54b801d\" data-id=\"54b801d\" data-element_type=\"column\" data-e-type=\"column\">\n\t\t\t<div class=\"elementor-widget-wrap elementor-element-populated\">\n\t\t\t\t\t\t<div class=\"elementor-element elementor-element-801c3b9 animated-slow elementor-invisible elementor-widget elementor-widget-text-editor\" data-id=\"801c3b9\" data-element_type=\"widget\" data-e-type=\"widget\" data-settings=\"{&quot;_animation&quot;:&quot;fadeIn&quot;}\" data-widget_type=\"text-editor.default\">\n\t\t\t\t<div class=\"elementor-widget-container\">\n\t\t\t\t\t\t\t\t\t<p><span style=\"font-weight: 400;\">Maison Hina was founded in 1982 under the name of Coup D'Elle. Our assistance and accommodation center is located in Saint-Jean-sur-Richelieu, in Mont\u00e9r\u00e9gie. <\/span><\/p>\t\t\t\t\t\t\t\t<\/div>\n\t\t\t\t<\/div>\n\t\t\t\t<div class=\"elementor-element elementor-element-5615571 animated-slow elementor-invisible elementor-widget elementor-widget-text-editor\" data-id=\"5615571\" data-element_type=\"widget\" data-e-type=\"widget\" data-settings=\"{&quot;_animation&quot;:&quot;fadeIn&quot;}\" data-widget_type=\"text-editor.default\">\n\t\t\t\t<div class=\"elementor-widget-container\">\n\t\t\t\t\t\t\t\t\t<p class=\"translation-block\"><span style=\"font-weight: 400\"><strong>The mission of maison Hina is to work for social change to achieve a non-violent and egalitarian society. <\/strong>This involves providing services to abused women and their children as well as\nfighting for a society free of violence, discrimination and sexism.<\/span><\/p>\t\t\t\t\t\t\t\t<\/div>\n\t\t\t\t<\/div>\n\t\t\t\t<div class=\"elementor-element elementor-element-1026471 elementor-widget elementor-widget-heading\" data-id=\"1026471\" data-element_type=\"widget\" data-e-type=\"widget\" data-widget_type=\"heading.default\">\n\t\t\t\t<div class=\"elementor-widget-container\">\n\t\t\t\t\t<h2 class=\"elementor-heading-title elementor-size-default\">Our goals<\/h2>\t\t\t\t<\/div>\n\t\t\t\t<\/div>\n\t\t\t\t<div class=\"elementor-element elementor-element-c5525c0 elementor-widget-divider--view-line elementor-widget elementor-widget-divider\" data-id=\"c5525c0\" data-element_type=\"widget\" data-e-type=\"widget\" data-widget_type=\"divider.default\">\n\t\t\t\t<div class=\"elementor-widget-container\">\n\t\t\t\t\t\t\t<div class=\"elementor-divider\">\n\t\t\t<span class=\"elementor-divider-separator\">\n\t\t\t\t\t\t<\/span>\n\t\t<\/div>\n\t\t\t\t\t\t<\/div>\n\t\t\t\t<\/div>\n\t\t\t\t<div class=\"elementor-element elementor-element-381bc9b animated-slow elementor-invisible elementor-widget elementor-widget-text-editor\" data-id=\"381bc9b\" data-element_type=\"widget\" data-e-type=\"widget\" data-settings=\"{&quot;_animation&quot;:&quot;fadeIn&quot;}\" data-widget_type=\"text-editor.default\">\n\t\t\t\t<div class=\"elementor-widget-container\">\n\t\t\t\t\t\t\t\t\t<p><span style=\"font-weight: 400;\">Help women who are victims of domestic violence and their children by offering them of confidential and safe accommodation<\/span><\/p><p><span style=\"font-weight: 400;\">Restore women&#039;s autonomy through knowledge of their rights and the establishment of concrete conditions to exercise their rights<\/span><\/p><p><span style=\"font-weight: 400;\">Raising public awareness of the social problem that is domestic violence<\/span><\/p><p><span style=\"font-weight: 400;\">Promote social change aimed at equality in the relationship between women and men by addressing social, political, cultural and economic structures<\/span><\/p>\t\t\t\t\t\t\t\t<\/div>\n\t\t\t\t<\/div>\n\t\t\t\t<div class=\"elementor-element elementor-element-c865090 elementor-align-center animated-slow elementor-invisible elementor-widget elementor-widget-button\" data-id=\"c865090\" data-element_type=\"widget\" data-e-type=\"widget\" data-settings=\"{&quot;_animation&quot;:&quot;fadeIn&quot;,&quot;_animation_delay&quot;:500}\" data-widget_type=\"button.default\">\n\t\t\t\t<div class=\"elementor-widget-container\">\n\t\t\t\t\t\t\t\t\t<div class=\"elementor-button-wrapper\">\n\t\t\t\t\t<a class=\"elementor-button elementor-button-link elementor-size-sm\" href=\"https:\/\/maisonhina.com\/en\/services\/\">\n\t\t\t\t\t\t<span class=\"elementor-button-content-wrapper\">\n\t\t\t\t\t\t\t\t\t<span class=\"elementor-button-text\">Our services<\/span>\n\t\t\t\t\t<\/span>\n\t\t\t\t\t<\/a>\n\t\t\t\t<\/div>\n\t\t\t\t\t\t\t\t<\/div>\n\t\t\t\t<\/div>\n\t\t\t\t\t<\/div>\n\t\t<\/div>\n\t\t\t\t\t<\/div>\n\t\t<\/section>\n\t\t\t\t\t<\/div>\n\t\t<\/div>\n\t\t\t\t\t<\/div>\n\t\t<\/section>\n\t\t\t\t<section class=\"elementor-section elementor-top-section elementor-element elementor-element-7f3780c elementor-section-boxed elementor-section-height-default elementor-section-height-default\" data-id=\"7f3780c\" data-element_type=\"section\" data-e-type=\"section\" data-settings=\"{&quot;background_background&quot;:&quot;classic&quot;}\">\n\t\t\t\t\t\t<div class=\"elementor-container elementor-column-gap-default\">\n\t\t\t\t\t<div class=\"elementor-column elementor-col-100 elementor-top-column elementor-element elementor-element-f02592b elementor-invisible\" data-id=\"f02592b\" data-element_type=\"column\" data-e-type=\"column\" data-settings=\"{&quot;background_background&quot;:&quot;classic&quot;,&quot;animation&quot;:&quot;slideInRight&quot;}\">\n\t\t\t<div class=\"elementor-widget-wrap elementor-element-populated\">\n\t\t\t\t\t\t<section class=\"elementor-section elementor-inner-section elementor-element elementor-element-ea5ed6c elementor-section-full_width elementor-section-height-default elementor-section-height-default\" data-id=\"ea5ed6c\" data-element_type=\"section\" data-e-type=\"section\">\n\t\t\t\t\t\t<div class=\"elementor-container elementor-column-gap-default\">\n\t\t\t\t\t<div class=\"elementor-column elementor-col-50 elementor-inner-column elementor-element elementor-element-5b72c68\" data-id=\"5b72c68\" data-element_type=\"column\" data-e-type=\"column\">\n\t\t\t<div class=\"elementor-widget-wrap elementor-element-populated\">\n\t\t\t\t\t\t<div class=\"elementor-element elementor-element-cd866ef animated-slow elementor-invisible elementor-widget elementor-widget-image\" data-id=\"cd866ef\" data-element_type=\"widget\" data-e-type=\"widget\" data-settings=\"{&quot;_animation&quot;:&quot;fadeIn&quot;,&quot;_animation_delay&quot;:500}\" data-widget_type=\"image.default\">\n\t\t\t\t<div class=\"elementor-widget-container\">\n\t\t\t\t\t\t\t\t\t\t\t\t\t\t\t<img fetchpriority=\"high\" decoding=\"async\" width=\"228\" height=\"300\" src=\"https:\/\/maisonhina.com\/wp-content\/uploads\/2022\/07\/imageedit_59_8753156554-228x300.png\" class=\"attachment-medium size-medium wp-image-139\" alt=\"\" srcset=\"https:\/\/maisonhina.com\/wp-content\/uploads\/2022\/07\/imageedit_59_8753156554-228x300.png 228w, https:\/\/maisonhina.com\/wp-content\/uploads\/2022\/07\/imageedit_59_8753156554-777x1024.png 777w, https:\/\/maisonhina.com\/wp-content\/uploads\/2022\/07\/imageedit_59_8753156554-768x1012.png 768w, https:\/\/maisonhina.com\/wp-content\/uploads\/2022\/07\/imageedit_59_8753156554-1165x1536.png 1165w, https:\/\/maisonhina.com\/wp-content\/uploads\/2022\/07\/imageedit_59_8753156554.png 1226w\" sizes=\"(max-width: 228px) 100vw, 228px\" \/>\t\t\t\t\t\t\t\t\t\t\t\t\t\t\t<\/div>\n\t\t\t\t<\/div>\n\t\t\t\t\t<\/div>\n\t\t<\/div>\n\t\t\t\t<div class=\"elementor-column elementor-col-50 elementor-inner-column elementor-element elementor-element-4b450bb animated-slow elementor-invisible\" data-id=\"4b450bb\" data-element_type=\"column\" data-e-type=\"column\" data-settings=\"{&quot;animation&quot;:&quot;fadeIn&quot;,&quot;animation_delay&quot;:500}\">\n\t\t\t<div class=\"elementor-widget-wrap elementor-element-populated\">\n\t\t\t\t\t\t<div class=\"elementor-element elementor-element-577e05a elementor-widget elementor-widget-text-editor\" data-id=\"577e05a\" data-element_type=\"widget\" data-e-type=\"widget\" data-widget_type=\"text-editor.default\">\n\t\t\t\t<div class=\"elementor-widget-container\">\n\t\t\t\t\t\t\t\t\t<p><span style=\"font-weight: 400;\">In Polynesian legend, Hina is a butterfly woman. She is the first known goddess. Its name comes from the term \"wahine\", which means woman. Hina is a messenger, a bearer of news, as well as a creator of ideas. Her power is not only verbal, but also written. Her speeches are enormously inspiring and demonstrate the idealism and enthusiasm of her ideas.<\/span><\/p>\t\t\t\t\t\t\t\t<\/div>\n\t\t\t\t<\/div>\n\t\t\t\t<div class=\"elementor-element elementor-element-9b32caf elementor-widget elementor-widget-text-editor\" data-id=\"9b32caf\" data-element_type=\"widget\" data-e-type=\"widget\" data-widget_type=\"text-editor.default\">\n\t\t\t\t<div class=\"elementor-widget-container\">\n\t\t\t\t\t\t\t\t\t<p><span style=\"font-weight: 400;\">Therefore, Hina represents the beginning of a new vision. It is also the representation of women's media and underground news, allowing us to make the link with word-of-mouth that has become a powerful means of communication\nbetween women. Thus, Hina represents for us true communication and the exchange of truth.<\/span><\/p>\t\t\t\t\t\t\t\t<\/div>\n\t\t\t\t<\/div>\n\t\t\t\t\t<\/div>\n\t\t<\/div>\n\t\t\t\t\t<\/div>\n\t\t<\/section>\n\t\t\t\t\t<\/div>\n\t\t<\/div>\n\t\t\t\t\t<\/div>\n\t\t<\/section>\n\t\t\t\t<section class=\"elementor-section elementor-top-section elementor-element elementor-element-e34beca elementor-section-boxed elementor-section-height-default elementor-section-height-default\" data-id=\"e34beca\" data-element_type=\"section\" data-e-type=\"section\" data-settings=\"{&quot;background_background&quot;:&quot;classic&quot;}\">\n\t\t\t\t\t\t<div class=\"elementor-container elementor-column-gap-default\">\n\t\t\t\t\t<div class=\"elementor-column elementor-col-100 elementor-top-column elementor-element elementor-element-cf0656a\" data-id=\"cf0656a\" data-element_type=\"column\" data-e-type=\"column\">\n\t\t\t<div class=\"elementor-widget-wrap elementor-element-populated\">\n\t\t\t\t\t\t<div class=\"elementor-element elementor-element-42dcd19 elementor-widget elementor-widget-spacer\" data-id=\"42dcd19\" data-element_type=\"widget\" data-e-type=\"widget\" data-widget_type=\"spacer.default\">\n\t\t\t\t<div class=\"elementor-widget-container\">\n\t\t\t\t\t\t\t<div class=\"elementor-spacer\">\n\t\t\t<div class=\"elementor-spacer-inner\"><\/div>\n\t\t<\/div>\n\t\t\t\t\t\t<\/div>\n\t\t\t\t<\/div>\n\t\t\t\t\t<\/div>\n\t\t<\/div>\n\t\t\t\t\t<\/div>\n\t\t<\/section>\n\t\t\t\t<\/div>","protected":false},"excerpt":{"rendered":"<p>Notre maison La maison Hina a \u00e9t\u00e9 fond\u00e9e en 1982 sous le nom de Coup D\u2019Elle. Notre maison d\u2019aide et d\u2019h\u00e9bergement est situ\u00e9e \u00e0 Saint-Jean-sur-Richelieu, en Mont\u00e9r\u00e9gie. La mission de la maison Hina est de travailler \u00e0 un changement social pour parvenir \u00e0 une soci\u00e9t\u00e9 non-violente et \u00e9galitaire. Ceci implique de travailler au niveau des [&hellip;]<\/p>\n","protected":false},"author":1,"featured_media":140,"parent":0,"menu_order":0,"comment_status":"closed","ping_status":"closed","template":"","meta":{"footnotes":""},"class_list":["post-236","page","type-page","status-publish","has-post-thumbnail","hentry"],"yoast_head":"<!-- This site is optimized with the Yoast SEO plugin v27.0 - https:\/\/yoast.com\/product\/yoast-seo-wordpress\/ -->\n<title>Notre maison | Maison Hina<\/title>\n<meta name=\"description\" content=\"Maison Hina, maison d\u2019aide et d\u2019h\u00e9bergement pour femmes victimes de violence conjugale avec ou sans enfant(s).\" \/>\n<meta name=\"robots\" content=\"index, follow, max-snippet:-1, max-image-preview:large, max-video-preview:-1\" \/>\n<link rel=\"canonical\" href=\"https:\/\/maisonhina.com\/en\/maison\/\" \/>\n<meta property=\"og:locale\" content=\"en_US\" \/>\n<meta property=\"og:type\" content=\"article\" \/>\n<meta property=\"og:title\" content=\"Notre maison | Maison Hina\" \/>\n<meta property=\"og:description\" content=\"Maison Hina, maison d\u2019aide et d\u2019h\u00e9bergement pour femmes victimes de violence conjugale avec ou sans enfant(s).\" \/>\n<meta property=\"og:url\" content=\"https:\/\/maisonhina.com\/en\/maison\/\" \/>\n<meta property=\"og:site_name\" content=\"Maison Hina\" \/>\n<meta property=\"article:modified_time\" content=\"2022-08-29T17:54:47+00:00\" \/>\n<meta property=\"og:image\" content=\"https:\/\/maisonhina.com\/wp-content\/uploads\/2022\/07\/Maison_Hina_LOGO.png\" \/>\n\t<meta property=\"og:image:width\" content=\"2971\" \/>\n\t<meta property=\"og:image:height\" content=\"1617\" \/>\n\t<meta property=\"og:image:type\" content=\"image\/png\" \/>\n<meta name=\"twitter:card\" content=\"summary_large_image\" \/>\n<meta name=\"twitter:title\" content=\"Notre maison | Maison Hina\" \/>\n<meta name=\"twitter:description\" content=\"Maison Hina, maison d\u2019aide et d\u2019h\u00e9bergement pour femmes victimes de violence conjugale avec ou sans enfant(s).\" \/>\n<meta name=\"twitter:image\" content=\"https:\/\/maisonhina.com\/wp-content\/uploads\/2022\/07\/Maison_Hina_LOGO.png\" \/>\n<meta name=\"twitter:label1\" content=\"Est. reading time\" \/>\n\t<meta name=\"twitter:data1\" content=\"2 minutes\" \/>\n<script type=\"application\/ld+json\" class=\"yoast-schema-graph\">{\"@context\":\"https:\/\/schema.org\",\"@graph\":[{\"@type\":[\"WebPage\",\"AboutPage\"],\"@id\":\"https:\/\/maisonhina.com\/maison\/\",\"url\":\"https:\/\/maisonhina.com\/maison\/\",\"name\":\"Notre maison | Maison Hina\",\"isPartOf\":{\"@id\":\"https:\/\/maisonhina.com\/#website\"},\"primaryImageOfPage\":{\"@id\":\"https:\/\/maisonhina.com\/maison\/#primaryimage\"},\"image\":{\"@id\":\"https:\/\/maisonhina.com\/maison\/#primaryimage\"},\"thumbnailUrl\":\"https:\/\/maisonhina.com\/wp-content\/uploads\/2022\/07\/imageedit_61_8507209904.png\",\"datePublished\":\"2022-07-13T14:17:33+00:00\",\"dateModified\":\"2022-08-29T17:54:47+00:00\",\"description\":\"Maison Hina, maison d\u2019aide et d\u2019h\u00e9bergement pour femmes victimes de violence conjugale avec ou sans enfant(s).\",\"breadcrumb\":{\"@id\":\"https:\/\/maisonhina.com\/maison\/#breadcrumb\"},\"inLanguage\":\"en-CA\",\"potentialAction\":[{\"@type\":\"ReadAction\",\"target\":[\"https:\/\/maisonhina.com\/maison\/\"]}]},{\"@type\":\"ImageObject\",\"inLanguage\":\"en-CA\",\"@id\":\"https:\/\/maisonhina.com\/maison\/#primaryimage\",\"url\":\"https:\/\/maisonhina.com\/wp-content\/uploads\/2022\/07\/imageedit_61_8507209904.png\",\"contentUrl\":\"https:\/\/maisonhina.com\/wp-content\/uploads\/2022\/07\/imageedit_61_8507209904.png\",\"width\":1726,\"height\":2116},{\"@type\":\"BreadcrumbList\",\"@id\":\"https:\/\/maisonhina.com\/maison\/#breadcrumb\",\"itemListElement\":[{\"@type\":\"ListItem\",\"position\":1,\"name\":\"Home\",\"item\":\"https:\/\/maisonhina.com\/\"},{\"@type\":\"ListItem\",\"position\":2,\"name\":\"Notre maison\"}]},{\"@type\":\"WebSite\",\"@id\":\"https:\/\/maisonhina.com\/#website\",\"url\":\"https:\/\/maisonhina.com\/\",\"name\":\"Maison Hina\",\"description\":\"Accompagnement des femmes victimes de violence conjugale\",\"publisher\":{\"@id\":\"https:\/\/maisonhina.com\/#organization\"},\"potentialAction\":[{\"@type\":\"SearchAction\",\"target\":{\"@type\":\"EntryPoint\",\"urlTemplate\":\"https:\/\/maisonhina.com\/?s={search_term_string}\"},\"query-input\":{\"@type\":\"PropertyValueSpecification\",\"valueRequired\":true,\"valueName\":\"search_term_string\"}}],\"inLanguage\":\"en-CA\"},{\"@type\":\"Organization\",\"@id\":\"https:\/\/maisonhina.com\/#organization\",\"name\":\"Maison Hina\",\"url\":\"https:\/\/maisonhina.com\/\",\"logo\":{\"@type\":\"ImageObject\",\"inLanguage\":\"en-CA\",\"@id\":\"https:\/\/maisonhina.com\/#\/schema\/logo\/image\/\",\"url\":\"https:\/\/maisonhina.com\/wp-content\/uploads\/2022\/07\/Maison_Hina_LOGO.png\",\"contentUrl\":\"https:\/\/maisonhina.com\/wp-content\/uploads\/2022\/07\/Maison_Hina_LOGO.png\",\"width\":2971,\"height\":1617,\"caption\":\"Maison Hina\"},\"image\":{\"@id\":\"https:\/\/maisonhina.com\/#\/schema\/logo\/image\/\"}}]}<\/script>\n<!-- \/ Yoast SEO plugin. -->","yoast_head_json":{"title":"Notre maison | Maison Hina","description":"Maison Hina, maison d\u2019aide et d\u2019h\u00e9bergement pour femmes victimes de violence conjugale avec ou sans enfant(s).","robots":{"index":"index","follow":"follow","max-snippet":"max-snippet:-1","max-image-preview":"max-image-preview:large","max-video-preview":"max-video-preview:-1"},"canonical":"https:\/\/maisonhina.com\/en\/maison\/","og_locale":"en_US","og_type":"article","og_title":"Notre maison | Maison Hina","og_description":"Maison Hina, maison d\u2019aide et d\u2019h\u00e9bergement pour femmes victimes de violence conjugale avec ou sans enfant(s).","og_url":"https:\/\/maisonhina.com\/en\/maison\/","og_site_name":"Maison Hina","article_modified_time":"2022-08-29T17:54:47+00:00","og_image":[{"width":2971,"height":1617,"url":"https:\/\/maisonhina.com\/wp-content\/uploads\/2022\/07\/Maison_Hina_LOGO.png","type":"image\/png"}],"twitter_card":"summary_large_image","twitter_title":"Notre maison | Maison Hina","twitter_description":"Maison Hina, maison d\u2019aide et d\u2019h\u00e9bergement pour femmes victimes de violence conjugale avec ou sans enfant(s).","twitter_image":"https:\/\/maisonhina.com\/wp-content\/uploads\/2022\/07\/Maison_Hina_LOGO.png","twitter_misc":{"Est. reading time":"2 minutes"},"schema":{"@context":"https:\/\/schema.org","@graph":[{"@type":["WebPage","AboutPage"],"@id":"https:\/\/maisonhina.com\/maison\/","url":"https:\/\/maisonhina.com\/maison\/","name":"Notre maison | Maison Hina","isPartOf":{"@id":"https:\/\/maisonhina.com\/#website"},"primaryImageOfPage":{"@id":"https:\/\/maisonhina.com\/maison\/#primaryimage"},"image":{"@id":"https:\/\/maisonhina.com\/maison\/#primaryimage"},"thumbnailUrl":"https:\/\/maisonhina.com\/wp-content\/uploads\/2022\/07\/imageedit_61_8507209904.png","datePublished":"2022-07-13T14:17:33+00:00","dateModified":"2022-08-29T17:54:47+00:00","description":"Maison Hina, maison d\u2019aide et d\u2019h\u00e9bergement pour femmes victimes de violence conjugale avec ou sans enfant(s).","breadcrumb":{"@id":"https:\/\/maisonhina.com\/maison\/#breadcrumb"},"inLanguage":"en-CA","potentialAction":[{"@type":"ReadAction","target":["https:\/\/maisonhina.com\/maison\/"]}]},{"@type":"ImageObject","inLanguage":"en-CA","@id":"https:\/\/maisonhina.com\/maison\/#primaryimage","url":"https:\/\/maisonhina.com\/wp-content\/uploads\/2022\/07\/imageedit_61_8507209904.png","contentUrl":"https:\/\/maisonhina.com\/wp-content\/uploads\/2022\/07\/imageedit_61_8507209904.png","width":1726,"height":2116},{"@type":"BreadcrumbList","@id":"https:\/\/maisonhina.com\/maison\/#breadcrumb","itemListElement":[{"@type":"ListItem","position":1,"name":"Home","item":"https:\/\/maisonhina.com\/"},{"@type":"ListItem","position":2,"name":"Notre maison"}]},{"@type":"WebSite","@id":"https:\/\/maisonhina.com\/#website","url":"https:\/\/maisonhina.com\/","name":"Hina House","description":"Accompagnement des femmes victimes de violence conjugale","publisher":{"@id":"https:\/\/maisonhina.com\/#organization"},"potentialAction":[{"@type":"SearchAction","target":{"@type":"EntryPoint","urlTemplate":"https:\/\/maisonhina.com\/?s={search_term_string}"},"query-input":{"@type":"PropertyValueSpecification","valueRequired":true,"valueName":"search_term_string"}}],"inLanguage":"en-CA"},{"@type":"Organization","@id":"https:\/\/maisonhina.com\/#organization","name":"Hina House","url":"https:\/\/maisonhina.com\/","logo":{"@type":"ImageObject","inLanguage":"en-CA","@id":"https:\/\/maisonhina.com\/#\/schema\/logo\/image\/","url":"https:\/\/maisonhina.com\/wp-content\/uploads\/2022\/07\/Maison_Hina_LOGO.png","contentUrl":"https:\/\/maisonhina.com\/wp-content\/uploads\/2022\/07\/Maison_Hina_LOGO.png","width":2971,"height":1617,"caption":"Maison Hina"},"image":{"@id":"https:\/\/maisonhina.com\/#\/schema\/logo\/image\/"}}]}},"_links":{"self":[{"href":"https:\/\/maisonhina.com\/en\/wp-json\/wp\/v2\/pages\/236","targetHints":{"allow":["GET"]}}],"collection":[{"href":"https:\/\/maisonhina.com\/en\/wp-json\/wp\/v2\/pages"}],"about":[{"href":"https:\/\/maisonhina.com\/en\/wp-json\/wp\/v2\/types\/page"}],"author":[{"embeddable":true,"href":"https:\/\/maisonhina.com\/en\/wp-json\/wp\/v2\/users\/1"}],"replies":[{"embeddable":true,"href":"https:\/\/maisonhina.com\/en\/wp-json\/wp\/v2\/comments?post=236"}],"version-history":[{"count":178,"href":"https:\/\/maisonhina.com\/en\/wp-json\/wp\/v2\/pages\/236\/revisions"}],"predecessor-version":[{"id":2163,"href":"https:\/\/maisonhina.com\/en\/wp-json\/wp\/v2\/pages\/236\/revisions\/2163"}],"wp:featuredmedia":[{"embeddable":true,"href":"https:\/\/maisonhina.com\/en\/wp-json\/wp\/v2\/media\/140"}],"wp:attachment":[{"href":"https:\/\/maisonhina.com\/en\/wp-json\/wp\/v2\/media?parent=236"}],"curies":[{"name":"wp","href":"https:\/\/api.w.org\/{rel}","templated":true}]}}